{"id":19083,"date":"2025-05-16T12:07:34","date_gmt":"2025-05-16T12:07:34","guid":{"rendered":"https:\/\/www.heta-help.com\/fr\/?page_id=19083"},"modified":"2025-05-21T13:04:49","modified_gmt":"2025-05-21T13:04:49","slug":"assurance-voyage","status":"publish","type":"page","link":"https:\/\/www.heta-help.com\/fr\/assurance-voyage\/","title":{"rendered":"Assurance voyage"},"content":{"rendered":"\t\t<div data-elementor-type=\"wp-page\" data-elementor-id=\"19083\" class=\"elementor elementor-19083\">\n\t\t\t\t\t\t<div class=\"elementor-section elementor-top-section elementor-element elementor-element-5256a7e elementor-section-stretched elementor-section-boxed elementor-section-height-default elementor-section-height-default\" data-id=\"5256a7e\" data-element_type=\"section\" data-settings=\"{&quot;stretch_section&quot;:&quot;section-stretched&quot;}\">\n\t\t\t\t\t\t<div class=\"elementor-container elementor-column-gap-default\">\n\t\t\t\t\t<div class=\"elementor-column elementor-col-33 elementor-top-column elementor-element elementor-element-1d1379c\" data-id=\"1d1379c\" data-element_type=\"column\">\n\t\t\t<div class=\"elementor-widget-wrap elementor-element-populated\">\n\t\t\t\t\t\t<div class=\"elementor-element elementor-element-ee0a014 elementor-widget elementor-widget-sidebar\" data-id=\"ee0a014\" data-element_type=\"widget\" data-widget_type=\"sidebar.default\">\n\t\t\t\t<div class=\"elementor-widget-container\">\n\t\t\t\t\t<section id=\"nav_menu-1\" class=\"widget widget_nav_menu\"><h2 class=\"widget-title\">Nos services<\/h2><div class=\"menu-menu-service-heta-container\"><ul id=\"menu-menu-service-heta\" class=\"menu\"><li id=\"menu-item-19281\" class=\"menu-item menu-item-type-post_type menu-item-object-page menu-item-19281\"><a href=\"https:\/\/www.heta-help.com\/fr\/sejours-linguistiques\/\">S\u00e9jours linguistiques<\/a><\/li>\n<li id=\"menu-item-19275\" class=\"menu-item menu-item-type-post_type menu-item-object-page menu-item-19275\"><a href=\"https:\/\/www.heta-help.com\/fr\/preinscription\/\">Pr\u00e9inscription<\/a><\/li>\n<li id=\"menu-item-19276\" class=\"menu-item menu-item-type-post_type menu-item-object-page menu-item-19276\"><a href=\"https:\/\/www.heta-help.com\/fr\/assurance-voyage\/\">Assurance voyage<\/a><\/li>\n<li id=\"menu-item-19277\" class=\"menu-item menu-item-type-post_type menu-item-object-page menu-item-19277\"><a href=\"https:\/\/www.heta-help.com\/fr\/reservation-de-billets\/\">R\u00e9servation de billets<\/a><\/li>\n<li id=\"menu-item-19283\" class=\"menu-item menu-item-type-post_type menu-item-object-page menu-item-19283\"><a href=\"https:\/\/www.heta-help.com\/fr\/placement-detudiant\/\">Placement d\u2019\u00e9tudiant<\/a><\/li>\n<li id=\"menu-item-19278\" class=\"menu-item menu-item-type-post_type menu-item-object-page menu-item-19278\"><a href=\"https:\/\/www.heta-help.com\/fr\/traduction-de-documents\/\">Traduction de documents<\/a><\/li>\n<li id=\"menu-item-19279\" class=\"menu-item menu-item-type-post_type menu-item-object-page menu-item-19279\"><a href=\"https:\/\/www.heta-help.com\/fr\/colonie-de-vacance\/\">Colonie de vacance<\/a><\/li>\n<li id=\"menu-item-19280\" class=\"menu-item menu-item-type-post_type menu-item-object-page menu-item-19280\"><a href=\"https:\/\/www.heta-help.com\/fr\/assistance-visa\/\">Assistance visa<\/a><\/li>\n<\/ul><\/div><\/section>\t\t\t\t<\/div>\n\t\t\t\t<\/div>\n\t\t\t\t<div class=\"elementor-element elementor-element-7dc6689 elementor-widget elementor-widget-image\" data-id=\"7dc6689\" data-element_type=\"widget\" data-widget_type=\"image.default\">\n\t\t\t\t<div class=\"elementor-widget-container\">\n\t\t\t\t\t\t\t\t\t\t\t\t\t\t\t\t<a href=\"https:\/\/www.heta-help.com\/fr\/colonie-de-vacance\/\">\n\t\t\t\t\t\t\t<img fetchpriority=\"high\" decoding=\"async\" width=\"374\" height=\"668\" src=\"https:\/\/www.heta-help.com\/fr\/wp-content\/uploads\/2025\/05\/heta-help-2.jpg\" class=\"attachment-large size-large wp-image-19507\" alt=\"\" srcset=\"https:\/\/www.heta-help.com\/fr\/wp-content\/uploads\/2025\/05\/heta-help-2.jpg 374w, https:\/\/www.heta-help.com\/fr\/wp-content\/uploads\/2025\/05\/heta-help-2-168x300.jpg 168w\" sizes=\"(max-width: 374px) 100vw, 374px\" \/>\t\t\t\t\t\t\t\t<\/a>\n\t\t\t\t\t\t\t\t\t\t\t\t\t\t\t<\/div>\n\t\t\t\t<\/div>\n\t\t\t\t\t<\/div>\n\t\t<\/div>\n\t\t\t\t<div class=\"elementor-column elementor-col-66 elementor-top-column elementor-element elementor-element-b67a8c8\" data-id=\"b67a8c8\" data-element_type=\"column\">\n\t\t\t<div class=\"elementor-widget-wrap elementor-element-populated\">\n\t\t\t\t\t\t<div class=\"elementor-element elementor-element-74f2325 elementor-widget elementor-widget-image\" data-id=\"74f2325\" data-element_type=\"widget\" data-widget_type=\"image.default\">\n\t\t\t\t<div class=\"elementor-widget-container\">\n\t\t\t\t\t\t\t\t\t\t\t\t\t\t\t<img decoding=\"async\" width=\"1400\" height=\"800\" src=\"https:\/\/www.heta-help.com\/fr\/wp-content\/uploads\/2025\/05\/assurance-voyage.jpg\" class=\"attachment-full size-full wp-image-19243\" alt=\"\" srcset=\"https:\/\/www.heta-help.com\/fr\/wp-content\/uploads\/2025\/05\/assurance-voyage.jpg 1400w, https:\/\/www.heta-help.com\/fr\/wp-content\/uploads\/2025\/05\/assurance-voyage-300x171.jpg 300w, https:\/\/www.heta-help.com\/fr\/wp-content\/uploads\/2025\/05\/assurance-voyage-1024x585.jpg 1024w, https:\/\/www.heta-help.com\/fr\/wp-content\/uploads\/2025\/05\/assurance-voyage-768x439.jpg 768w, https:\/\/www.heta-help.com\/fr\/wp-content\/uploads\/2025\/05\/assurance-voyage-600x343.jpg 600w\" sizes=\"(max-width: 1400px) 100vw, 1400px\" \/>\t\t\t\t\t\t\t\t\t\t\t\t\t\t\t<\/div>\n\t\t\t\t<\/div>\n\t\t\t\t<div class=\"elementor-element elementor-element-6c78655 elementor-widget elementor-widget-heading\" data-id=\"6c78655\" data-element_type=\"widget\" data-widget_type=\"heading.default\">\n\t\t\t\t<div class=\"elementor-widget-container\">\n\t\t\t\t\t<h4 class=\"elementor-heading-title elementor-size-default\">Assurance Voyage<\/h4>\t\t\t\t<\/div>\n\t\t\t\t<\/div>\n\t\t\t\t<div class=\"elementor-element elementor-element-1332a81 elementor-widget elementor-widget-text-editor\" data-id=\"1332a81\" data-element_type=\"widget\" data-widget_type=\"text-editor.default\">\n\t\t\t\t<div class=\"elementor-widget-container\">\n\t\t\t\t\t\t\t\t\t<p data-start=\"7806\" data-end=\"8127\"><span class=\"_fadeIn_m1hgl_8\">Partir <\/span><span class=\"_fadeIn_m1hgl_8\">\u00e0 <\/span><span class=\"_fadeIn_m1hgl_8\">l\u2019\u00e9tranger <\/span><span class=\"_fadeIn_m1hgl_8\">sans <\/span><span class=\"_fadeIn_m1hgl_8\">assurance <\/span><span class=\"_fadeIn_m1hgl_8\">peut <\/span><span class=\"_fadeIn_m1hgl_8\">transformer <\/span><span class=\"_fadeIn_m1hgl_8\">un <\/span><span class=\"_fadeIn_m1hgl_8\">impr\u00e9vu <\/span><span class=\"_fadeIn_m1hgl_8\">mineur <\/span><span class=\"_fadeIn_m1hgl_8\">en <\/span><span class=\"_fadeIn_m1hgl_8\">catastrophe <\/span><span class=\"_fadeIn_m1hgl_8\">co\u00fbteuse. <\/span><span class=\"_fadeIn_m1hgl_8\">C\u2019est <\/span><span class=\"_fadeIn_m1hgl_8\">pourquoi <\/span><span class=\"_fadeIn_m1hgl_8\">HETA <\/span><span class=\"_fadeIn_m1hgl_8\">HELP <\/span><span class=\"_fadeIn_m1hgl_8\">propose <\/span><span class=\"_fadeIn_m1hgl_8\">des <\/span><strong data-start=\"7938\" data-end=\"7992\"><span class=\"_fadeIn_m1hgl_8\">formules <\/span><span class=\"_fadeIn_m1hgl_8\">d\u2019assurance <\/span><span class=\"_fadeIn_m1hgl_8\">voyage <\/span><span class=\"_fadeIn_m1hgl_8\">adapt\u00e9es <\/span><span class=\"_fadeIn_m1hgl_8\">aux <\/span><span class=\"_fadeIn_m1hgl_8\">\u00e9tudiants<\/span><\/strong><span class=\"_fadeIn_m1hgl_8\">. <\/span><span class=\"_fadeIn_m1hgl_8\">Nos <\/span><span class=\"_fadeIn_m1hgl_8\">polices <\/span><span class=\"_fadeIn_m1hgl_8\">couvrent <\/span><span class=\"_fadeIn_m1hgl_8\">les <\/span><span class=\"_fadeIn_m1hgl_8\">frais <\/span><span class=\"_fadeIn_m1hgl_8\">m\u00e9dicaux, <\/span><span class=\"_fadeIn_m1hgl_8\">les <\/span><span class=\"_fadeIn_m1hgl_8\">hospitalisations, <\/span><span class=\"_fadeIn_m1hgl_8\">les <\/span><span class=\"_fadeIn_m1hgl_8\">retards <\/span><span class=\"_fadeIn_m1hgl_8\">de <\/span><span class=\"_fadeIn_m1hgl_8\">vol, <\/span><span class=\"_fadeIn_m1hgl_8\">les <\/span><span class=\"_fadeIn_m1hgl_8\">pertes <\/span><span class=\"_fadeIn_m1hgl_8\">de <\/span><span class=\"_fadeIn_m1hgl_8\">bagages <\/span><span class=\"_fadeIn_m1hgl_8\">et <\/span><span class=\"_fadeIn_m1hgl_8\">la <\/span><span class=\"_fadeIn_m1hgl_8\">responsabilit\u00e9 <\/span><span class=\"_fadeIn_m1hgl_8\">civile.<\/span><\/p><p data-start=\"8129\" data-end=\"8204\"><span class=\"_fadeIn_m1hgl_8\">Nous <\/span><span class=\"_fadeIn_m1hgl_8\">travaillons <\/span><span class=\"_fadeIn_m1hgl_8\">avec <\/span><span class=\"_fadeIn_m1hgl_8\">des <\/span><span class=\"_fadeIn_m1hgl_8\">assureurs <\/span><span class=\"_fadeIn_m1hgl_8\">internationaux <\/span><span class=\"_fadeIn_m1hgl_8\">reconnus <\/span><span class=\"_fadeIn_m1hgl_8\">pour <\/span><span class=\"_fadeIn_m1hgl_8\">garantir :<\/span><\/p><ul data-start=\"8205\" data-end=\"8415\"><li data-start=\"8205\" data-end=\"8249\"><p data-start=\"8207\" data-end=\"8249\"><span class=\"_fadeIn_m1hgl_8\">La <\/span><span class=\"_fadeIn_m1hgl_8\">conformit\u00e9 <\/span><span class=\"_fadeIn_m1hgl_8\">aux <\/span><span class=\"_fadeIn_m1hgl_8\">exigences <\/span><span class=\"_fadeIn_m1hgl_8\">des <\/span><span class=\"_fadeIn_m1hgl_8\">ambassades<\/span><\/p><\/li><li data-start=\"8250\" data-end=\"8299\"><p data-start=\"8252\" data-end=\"8299\"><span class=\"_fadeIn_m1hgl_8\">Une <\/span><span class=\"_fadeIn_m1hgl_8\">couverture <\/span><span class=\"_fadeIn_m1hgl_8\">pendant <\/span><span class=\"_fadeIn_m1hgl_8\">toute <\/span><span class=\"_fadeIn_m1hgl_8\">la <\/span><span class=\"_fadeIn_m1hgl_8\">dur\u00e9e <\/span><span class=\"_fadeIn_m1hgl_8\">du <\/span><span class=\"_fadeIn_m1hgl_8\">s\u00e9jour<\/span><\/p><\/li><li data-start=\"8300\" data-end=\"8344\"><p data-start=\"8302\" data-end=\"8344\"><span class=\"_fadeIn_m1hgl_8\">Des <\/span><span class=\"_fadeIn_m1hgl_8\">services <\/span><span class=\"_fadeIn_m1hgl_8\">d\u2019assistance <\/span><span class=\"_fadeIn_m1hgl_8\">d\u2019urgence <\/span><span class=\"_fadeIn_m1hgl_8\">24h\/<\/span><span class=\"_fadeIn_m1hgl_8\">24<\/span><\/p><\/li><li data-start=\"8345\" data-end=\"8415\"><p data-start=\"8347\" data-end=\"8415\"><span class=\"_fadeIn_m1hgl_8\">Une <\/span><span class=\"_fadeIn_m1hgl_8\">prise <\/span><span class=\"_fadeIn_m1hgl_8\">en <\/span><span class=\"_fadeIn_m1hgl_8\">charge <\/span><span class=\"_fadeIn_m1hgl_8\">dans <\/span><span class=\"_fadeIn_m1hgl_8\">les <\/span><span class=\"_fadeIn_m1hgl_8\">cliniques <\/span><span class=\"_fadeIn_m1hgl_8\">partenaires <\/span><span class=\"_fadeIn_m1hgl_8\">du <\/span><span class=\"_fadeIn_m1hgl_8\">pays <\/span><span class=\"_fadeIn_m1hgl_8\">d\u2019accueil<\/span><\/p><\/li><\/ul><p data-start=\"8417\" data-end=\"8633\"><span class=\"_fadeIn_m1hgl_8\">Nos <\/span><span class=\"_fadeIn_m1hgl_8\">conseillers <\/span><span class=\"_fadeIn_m1hgl_8\">vous <\/span><span class=\"_fadeIn_m1hgl_8\">aident <\/span><span class=\"_fadeIn_m1hgl_8\">\u00e0 <\/span><span class=\"_fadeIn_m1hgl_8\">comparer <\/span><span class=\"_fadeIn_m1hgl_8\">les <\/span><span class=\"_fadeIn_m1hgl_8\">offres, <\/span><span class=\"_fadeIn_m1hgl_8\">\u00e0 <\/span><span class=\"_fadeIn_m1hgl_8\">souscrire <\/span><span class=\"_fadeIn_m1hgl_8\">rapidement <\/span><span class=\"_fadeIn_m1hgl_8\">et <\/span><span class=\"_fadeIn_m1hgl_8\">\u00e0 <\/span><span class=\"_fadeIn_m1hgl_8\">recevoir <\/span><span class=\"_fadeIn_m1hgl_8\">votre <\/span><span class=\"_fadeIn_m1hgl_8\">attestation <\/span><span class=\"_fadeIn_m1hgl_8\">dans <\/span><span class=\"_fadeIn_m1hgl_8\">les <\/span><span class=\"_fadeIn_m1hgl_8\">plus <\/span><span class=\"_fadeIn_m1hgl_8\">brefs <\/span><span class=\"_fadeIn_m1hgl_8\">d\u00e9lais. <\/span><span class=\"_fadeIn_m1hgl_8\">Ce <\/span><span class=\"_fadeIn_m1hgl_8\">service <\/span><span class=\"_fadeIn_m1hgl_8\">est <\/span><span class=\"_fadeIn_m1hgl_8\">un <\/span><span class=\"_fadeIn_m1hgl_8\">gage <\/span><span class=\"_fadeIn_m1hgl_8\">de <\/span><span class=\"_fadeIn_m1hgl_8\">tranquillit\u00e9 <\/span><span class=\"_fadeIn_m1hgl_8\">pour <\/span><span class=\"_fadeIn_m1hgl_8\">les <\/span><span class=\"_fadeIn_m1hgl_8\">familles <\/span><span class=\"_fadeIn_m1hgl_8\">comme <\/span><span class=\"_fadeIn_m1hgl_8\">pour <\/span><span class=\"_fadeIn_m1hgl_8\">les <\/span><span class=\"_fadeIn_m1hgl_8\">\u00e9tudiants.<\/span><\/p>\t\t\t\t\t\t\t\t<\/div>\n\t\t\t\t<\/div>\n\t\t\t\t\t<\/div>\n\t\t<\/div>\n\t\t\t\t\t<\/div>\n\t\t<\/div>\n\t\t\t\t<\/div>\n\t\t","protected":false},"excerpt":{"rendered":"<p>Assurance Voyage Partir \u00e0 l\u2019\u00e9tranger sans assurance peut transformer un impr\u00e9vu mineur en catastrophe co\u00fbteuse. C\u2019est pourquoi HETA HELP propose des formules d\u2019assurance voyage adapt\u00e9es aux \u00e9tudiants. Nos polices couvrent les frais m\u00e9dicaux, les hospitalisations, les retards de vol, les pertes de bagages et la responsabilit\u00e9 civile. Nous travaillons avec des assureurs internationaux reconnus pour&#8230;<\/p>\n","protected":false},"author":1,"featured_media":0,"parent":0,"menu_order":0,"comment_status":"closed","ping_status":"closed","template":"","meta":{"_acf_changed":false,"footnotes":""},"class_list":["post-19083","page","type-page","status-publish","hentry"],"acf":[],"aioseo_notices":[],"_links":{"self":[{"href":"https:\/\/www.heta-help.com\/fr\/wp-json\/wp\/v2\/pages\/19083","targetHints":{"allow":["GET"]}}],"collection":[{"href":"https:\/\/www.heta-help.com\/fr\/wp-json\/wp\/v2\/pages"}],"about":[{"href":"https:\/\/www.heta-help.com\/fr\/wp-json\/wp\/v2\/types\/page"}],"author":[{"embeddable":true,"href":"https:\/\/www.heta-help.com\/fr\/wp-json\/wp\/v2\/users\/1"}],"replies":[{"embeddable":true,"href":"https:\/\/www.heta-help.com\/fr\/wp-json\/wp\/v2\/comments?post=19083"}],"version-history":[{"count":13,"href":"https:\/\/www.heta-help.com\/fr\/wp-json\/wp\/v2\/pages\/19083\/revisions"}],"predecessor-version":[{"id":19510,"href":"https:\/\/www.heta-help.com\/fr\/wp-json\/wp\/v2\/pages\/19083\/revisions\/19510"}],"wp:attachment":[{"href":"https:\/\/www.heta-help.com\/fr\/wp-json\/wp\/v2\/media?parent=19083"}],"curies":[{"name":"wp","href":"https:\/\/api.w.org\/{rel}","templated":true}]}}