{"id":19075,"date":"2025-05-16T11:53:21","date_gmt":"2025-05-16T11:53:21","guid":{"rendered":"https:\/\/www.heta-help.com\/fr\/?page_id=19075"},"modified":"2025-05-20T15:23:06","modified_gmt":"2025-05-20T15:23:06","slug":"assistance-visa","status":"publish","type":"page","link":"https:\/\/www.heta-help.com\/fr\/assistance-visa\/","title":{"rendered":"Assistance visa"},"content":{"rendered":"\t\t<div data-elementor-type=\"wp-page\" data-elementor-id=\"19075\" class=\"elementor elementor-19075\">\n\t\t\t\t\t\t<div class=\"elementor-section elementor-top-section elementor-element elementor-element-5256a7e elementor-section-stretched elementor-section-boxed elementor-section-height-default elementor-section-height-default\" data-id=\"5256a7e\" data-element_type=\"section\" data-settings=\"{&quot;stretch_section&quot;:&quot;section-stretched&quot;}\">\n\t\t\t\t\t\t<div class=\"elementor-container elementor-column-gap-default\">\n\t\t\t\t\t<div class=\"elementor-column elementor-col-33 elementor-top-column elementor-element elementor-element-1d1379c\" data-id=\"1d1379c\" data-element_type=\"column\">\n\t\t\t<div class=\"elementor-widget-wrap elementor-element-populated\">\n\t\t\t\t\t\t<div class=\"elementor-element elementor-element-ee0a014 elementor-widget elementor-widget-sidebar\" data-id=\"ee0a014\" data-element_type=\"widget\" data-widget_type=\"sidebar.default\">\n\t\t\t\t<div class=\"elementor-widget-container\">\n\t\t\t\t\t<section id=\"nav_menu-1\" class=\"widget widget_nav_menu\"><h2 class=\"widget-title\">Nos services<\/h2><div class=\"menu-menu-service-heta-container\"><ul id=\"menu-menu-service-heta\" class=\"menu\"><li id=\"menu-item-19281\" class=\"menu-item menu-item-type-post_type menu-item-object-page menu-item-19281\"><a href=\"https:\/\/www.heta-help.com\/fr\/sejours-linguistiques\/\">S\u00e9jours linguistiques<\/a><\/li>\n<li id=\"menu-item-19275\" class=\"menu-item menu-item-type-post_type menu-item-object-page menu-item-19275\"><a href=\"https:\/\/www.heta-help.com\/fr\/preinscription\/\">Pr\u00e9inscription<\/a><\/li>\n<li id=\"menu-item-19276\" class=\"menu-item menu-item-type-post_type menu-item-object-page menu-item-19276\"><a href=\"https:\/\/www.heta-help.com\/fr\/assurance-voyage\/\">Assurance voyage<\/a><\/li>\n<li id=\"menu-item-19277\" class=\"menu-item menu-item-type-post_type menu-item-object-page menu-item-19277\"><a href=\"https:\/\/www.heta-help.com\/fr\/reservation-de-billets\/\">R\u00e9servation de billets<\/a><\/li>\n<li id=\"menu-item-19283\" class=\"menu-item menu-item-type-post_type menu-item-object-page menu-item-19283\"><a href=\"https:\/\/www.heta-help.com\/fr\/placement-detudiant\/\">Placement d\u2019\u00e9tudiant<\/a><\/li>\n<li id=\"menu-item-19278\" class=\"menu-item menu-item-type-post_type menu-item-object-page menu-item-19278\"><a href=\"https:\/\/www.heta-help.com\/fr\/traduction-de-documents\/\">Traduction de documents<\/a><\/li>\n<li id=\"menu-item-19279\" class=\"menu-item menu-item-type-post_type menu-item-object-page menu-item-19279\"><a href=\"https:\/\/www.heta-help.com\/fr\/colonie-de-vacance\/\">Colonie de vacance<\/a><\/li>\n<li id=\"menu-item-19280\" class=\"menu-item menu-item-type-post_type menu-item-object-page menu-item-19280\"><a href=\"https:\/\/www.heta-help.com\/fr\/assistance-visa\/\">Assistance visa<\/a><\/li>\n<\/ul><\/div><\/section>\t\t\t\t<\/div>\n\t\t\t\t<\/div>\n\t\t\t\t<div class=\"elementor-element elementor-element-87fa6c0 elementor-widget elementor-widget-image\" data-id=\"87fa6c0\" data-element_type=\"widget\" data-widget_type=\"image.default\">\n\t\t\t\t<div class=\"elementor-widget-container\">\n\t\t\t\t\t\t\t\t\t\t\t\t\t\t\t\t<a href=\"https:\/\/www.heta-help.com\/fr\/colonie-de-vacance\/\">\n\t\t\t\t\t\t\t<img fetchpriority=\"high\" decoding=\"async\" width=\"374\" height=\"668\" src=\"https:\/\/www.heta-help.com\/fr\/wp-content\/uploads\/2025\/05\/heta-help-1.jpg\" class=\"attachment-large size-large wp-image-19409\" alt=\"\" srcset=\"https:\/\/www.heta-help.com\/fr\/wp-content\/uploads\/2025\/05\/heta-help-1.jpg 374w, https:\/\/www.heta-help.com\/fr\/wp-content\/uploads\/2025\/05\/heta-help-1-168x300.jpg 168w\" sizes=\"(max-width: 374px) 100vw, 374px\" \/>\t\t\t\t\t\t\t\t<\/a>\n\t\t\t\t\t\t\t\t\t\t\t\t\t\t\t<\/div>\n\t\t\t\t<\/div>\n\t\t\t\t\t<\/div>\n\t\t<\/div>\n\t\t\t\t<div class=\"elementor-column elementor-col-66 elementor-top-column elementor-element elementor-element-b67a8c8\" data-id=\"b67a8c8\" data-element_type=\"column\">\n\t\t\t<div class=\"elementor-widget-wrap elementor-element-populated\">\n\t\t\t\t\t\t<div class=\"elementor-element elementor-element-74f2325 elementor-widget elementor-widget-image\" data-id=\"74f2325\" data-element_type=\"widget\" data-widget_type=\"image.default\">\n\t\t\t\t<div class=\"elementor-widget-container\">\n\t\t\t\t\t\t\t\t\t\t\t\t\t\t\t<img decoding=\"async\" width=\"1400\" height=\"800\" src=\"https:\/\/www.heta-help.com\/fr\/wp-content\/uploads\/2025\/05\/Assistance-visas.jpg\" class=\"attachment-full size-full wp-image-19227\" alt=\"\" srcset=\"https:\/\/www.heta-help.com\/fr\/wp-content\/uploads\/2025\/05\/Assistance-visas.jpg 1400w, https:\/\/www.heta-help.com\/fr\/wp-content\/uploads\/2025\/05\/Assistance-visas-300x171.jpg 300w, https:\/\/www.heta-help.com\/fr\/wp-content\/uploads\/2025\/05\/Assistance-visas-1024x585.jpg 1024w, https:\/\/www.heta-help.com\/fr\/wp-content\/uploads\/2025\/05\/Assistance-visas-768x439.jpg 768w, https:\/\/www.heta-help.com\/fr\/wp-content\/uploads\/2025\/05\/Assistance-visas-600x343.jpg 600w\" sizes=\"(max-width: 1400px) 100vw, 1400px\" \/>\t\t\t\t\t\t\t\t\t\t\t\t\t\t\t<\/div>\n\t\t\t\t<\/div>\n\t\t\t\t<div class=\"elementor-element elementor-element-6c78655 elementor-widget elementor-widget-heading\" data-id=\"6c78655\" data-element_type=\"widget\" data-widget_type=\"heading.default\">\n\t\t\t\t<div class=\"elementor-widget-container\">\n\t\t\t\t\t<h4 class=\"elementor-heading-title elementor-size-default\">Assistance VISA<\/h4>\t\t\t\t<\/div>\n\t\t\t\t<\/div>\n\t\t\t\t<div class=\"elementor-element elementor-element-1332a81 elementor-widget elementor-widget-text-editor\" data-id=\"1332a81\" data-element_type=\"widget\" data-widget_type=\"text-editor.default\">\n\t\t\t\t<div class=\"elementor-widget-container\">\n\t\t\t\t\t\t\t\t\t<p data-start=\"5032\" data-end=\"5360\"><span class=\"_fadeIn_m1hgl_8\">Obtenir <\/span><span class=\"_fadeIn_m1hgl_8\">un <\/span><span class=\"_fadeIn_m1hgl_8\">visa <\/span><span class=\"_fadeIn_m1hgl_8\">\u00e9tudiant <\/span><span class=\"_fadeIn_m1hgl_8\">peut <\/span><span class=\"_fadeIn_m1hgl_8\">\u00eatre <\/span><span class=\"_fadeIn_m1hgl_8\">une <\/span><span class=\"_fadeIn_m1hgl_8\">source <\/span><span class=\"_fadeIn_m1hgl_8\">d\u2019angoisse <\/span><span class=\"_fadeIn_m1hgl_8\">pour <\/span><span class=\"_fadeIn_m1hgl_8\">de <\/span><span class=\"_fadeIn_m1hgl_8\">nombreux <\/span><span class=\"_fadeIn_m1hgl_8\">candidats <\/span><span class=\"_fadeIn_m1hgl_8\">et <\/span><span class=\"_fadeIn_m1hgl_8\">parents. <\/span><span class=\"_fadeIn_m1hgl_8\">Chaque <\/span><span class=\"_fadeIn_m1hgl_8\">pays <\/span><span class=\"_fadeIn_m1hgl_8\">impose <\/span><span class=\"_fadeIn_m1hgl_8\">ses <\/span><span class=\"_fadeIn_m1hgl_8\">propres <\/span><span class=\"_fadeIn_m1hgl_8\">crit\u00e8res, <\/span><span class=\"_fadeIn_m1hgl_8\">souvent <\/span><span class=\"_fadeIn_m1hgl_8\">complexes. <\/span><span class=\"_fadeIn_m1hgl_8\">HETA <\/span><span class=\"_fadeIn_m1hgl_8\">HELP <\/span><span class=\"_fadeIn_m1hgl_8\">vous <\/span><span class=\"_fadeIn_m1hgl_8\">accompagne <\/span><span class=\"_fadeIn_m1hgl_8\">\u00e9tape <\/span><span class=\"_fadeIn_m1hgl_8\">par <\/span><span class=\"_fadeIn_m1hgl_8\">\u00e9tape, <\/span><span class=\"_fadeIn_m1hgl_8\">de <\/span><span class=\"_fadeIn_m1hgl_8\">la <\/span><span class=\"_fadeIn_m1hgl_8\">cr\u00e9ation <\/span><span class=\"_fadeIn_m1hgl_8\">du <\/span><span class=\"_fadeIn_m1hgl_8\">compte <\/span><span class=\"_fadeIn_m1hgl_8\">consulaire <\/span><span class=\"_fadeIn_m1hgl_8\">\u00e0 <\/span><span class=\"_fadeIn_m1hgl_8\">la <\/span><span class=\"_fadeIn_m1hgl_8\">prise <\/span><span class=\"_fadeIn_m1hgl_8\">de <\/span><span class=\"_fadeIn_m1hgl_8\">rendez-<\/span><span class=\"_fadeIn_m1hgl_8\">vous <\/span><span class=\"_fadeIn_m1hgl_8\">en <\/span><span class=\"_fadeIn_m1hgl_8\">passant <\/span><span class=\"_fadeIn_m1hgl_8\">par <\/span><span class=\"_fadeIn_m1hgl_8\">la <\/span><span class=\"_fadeIn_m1hgl_8\">pr\u00e9paration <\/span><span class=\"_fadeIn_m1hgl_8\">de <\/span><span class=\"_fadeIn_m1hgl_8\">l\u2019entretien (<\/span><span class=\"_fadeIn_m1hgl_8\">lorsqu\u2019il <\/span><span class=\"_fadeIn_m1hgl_8\">est <\/span><span class=\"_fadeIn_m1hgl_8\">exig\u00e9).<\/span><\/p><p data-start=\"5362\" data-end=\"5432\"><span class=\"_fadeIn_m1hgl_8\">Nous <\/span><span class=\"_fadeIn_m1hgl_8\">vous <\/span><span class=\"_fadeIn_m1hgl_8\">aidons <\/span><span class=\"_fadeIn_m1hgl_8\">\u00e0 <\/span><span class=\"_fadeIn_m1hgl_8\">constituer <\/span><span class=\"_fadeIn_m1hgl_8\">un <\/span><strong data-start=\"5395\" data-end=\"5424\"><span class=\"_fadeIn_m1hgl_8\">dossier <\/span><span class=\"_fadeIn_m1hgl_8\">solide <\/span><span class=\"_fadeIn_m1hgl_8\">et <\/span><span class=\"_fadeIn_m1hgl_8\">complet<\/span><\/strong><span class=\"_fadeIn_m1hgl_8\">, <\/span><span class=\"_fadeIn_m1hgl_8\">avec :<\/span><\/p><ul data-start=\"5433\" data-end=\"5601\"><li data-start=\"5433\" data-end=\"5453\"><p data-start=\"5435\" data-end=\"5453\"><span class=\"_fadeIn_m1hgl_8\">Lettre <\/span><span class=\"_fadeIn_m1hgl_8\">d\u2019admission<\/span><\/p><\/li><li data-start=\"5454\" data-end=\"5495\"><p data-start=\"5456\" data-end=\"5495\"><span class=\"_fadeIn_m1hgl_8\">Justificatifs <\/span><span class=\"_fadeIn_m1hgl_8\">de <\/span><span class=\"_fadeIn_m1hgl_8\">ressources <\/span><span class=\"_fadeIn_m1hgl_8\">financi\u00e8res<\/span><\/p><\/li><li data-start=\"5496\" data-end=\"5549\"><p data-start=\"5498\" data-end=\"5549\"><span class=\"_fadeIn_m1hgl_8\">Certificat <\/span><span class=\"_fadeIn_m1hgl_8\">d\u2019h\u00e9bergement <\/span><span class=\"_fadeIn_m1hgl_8\">ou <\/span><span class=\"_fadeIn_m1hgl_8\">r\u00e9servation <\/span><span class=\"_fadeIn_m1hgl_8\">de <\/span><span class=\"_fadeIn_m1hgl_8\">logement<\/span><\/p><\/li><li data-start=\"5550\" data-end=\"5575\"><p data-start=\"5552\" data-end=\"5575\"><span class=\"_fadeIn_m1hgl_8\">Attestation <\/span><span class=\"_fadeIn_m1hgl_8\">d\u2019assurance<\/span><\/p><\/li><li data-start=\"5576\" data-end=\"5601\"><p data-start=\"5578\" data-end=\"5601\"><span class=\"_fadeIn_m1hgl_8\">Traductions <\/span><span class=\"_fadeIn_m1hgl_8\">officielles<\/span><\/p><\/li><\/ul><p data-start=\"5603\" data-end=\"5875\"><span class=\"_fadeIn_m1hgl_8\">Nos <\/span><span class=\"_fadeIn_m1hgl_8\">conseillers <\/span><span class=\"_fadeIn_m1hgl_8\">simulent <\/span><span class=\"_fadeIn_m1hgl_8\">avec <\/span><span class=\"_fadeIn_m1hgl_8\">vous <\/span><span class=\"_fadeIn_m1hgl_8\">les <\/span><span class=\"_fadeIn_m1hgl_8\">questions <\/span><span class=\"_fadeIn_m1hgl_8\">potentielles <\/span><span class=\"_fadeIn_m1hgl_8\">de <\/span><span class=\"_fadeIn_m1hgl_8\">l\u2019ambassade <\/span><span class=\"_fadeIn_m1hgl_8\">et <\/span><span class=\"_fadeIn_m1hgl_8\">vous <\/span><span class=\"_fadeIn_m1hgl_8\">forment <\/span><span class=\"_fadeIn_m1hgl_8\">\u00e0 <\/span><span class=\"_fadeIn_m1hgl_8\">y <\/span><span class=\"_fadeIn_m1hgl_8\">r\u00e9pondre <\/span><span class=\"_fadeIn_m1hgl_8\">de <\/span><span class=\"_fadeIn_m1hgl_8\">mani\u00e8re <\/span><span class=\"_fadeIn_m1hgl_8\">convaincante. <\/span><span class=\"_fadeIn_m1hgl_8\">Nous <\/span><span class=\"_fadeIn_m1hgl_8\">mettons <\/span><span class=\"_fadeIn_m1hgl_8\">\u00e9galement <\/span><span class=\"_fadeIn_m1hgl_8\">\u00e0 <\/span><span class=\"_fadeIn_m1hgl_8\">votre <\/span><span class=\"_fadeIn_m1hgl_8\">disposition <\/span><span class=\"_fadeIn_m1hgl_8\">des <\/span><span class=\"_fadeIn_m1hgl_8\">checklists <\/span><span class=\"_fadeIn_m1hgl_8\">personnalis\u00e9es, <\/span><span class=\"_fadeIn_m1hgl_8\">des <\/span><span class=\"_fadeIn_m1hgl_8\">mod\u00e8les <\/span><span class=\"_fadeIn_m1hgl_8\">de <\/span><span class=\"_fadeIn_m1hgl_8\">documents, <\/span><span class=\"_fadeIn_m1hgl_8\">et <\/span><span class=\"_fadeIn_m1hgl_8\">des <\/span><span class=\"_fadeIn_m1hgl_8\">services <\/span><span class=\"_fadeIn_m1hgl_8\">express <\/span><span class=\"_fadeIn_m1hgl_8\">en <\/span><span class=\"_fadeIn_m1hgl_8\">cas <\/span><span class=\"_fadeIn_m1hgl_8\">d\u2019urgence.<\/span><\/p><p data-start=\"5877\" data-end=\"6035\"><span class=\"_fadeIn_m1hgl_8\">Notre <\/span><span class=\"_fadeIn_m1hgl_8\">taux <\/span><span class=\"_fadeIn_m1hgl_8\">de <\/span><span class=\"_fadeIn_m1hgl_8\">r\u00e9ussite <\/span><span class=\"_fadeIn_m1hgl_8\">\u00e0 <\/span><span class=\"_fadeIn_m1hgl_8\">l\u2019obtention <\/span><span class=\"_fadeIn_m1hgl_8\">du <\/span><span class=\"_fadeIn_m1hgl_8\">visa <\/span><span class=\"_fadeIn_m1hgl_8\">d\u00e9passe <\/span><span class=\"_fadeIn_m1hgl_8\">largement les attentes<\/span><span class=\"_fadeIn_m1hgl_8\">. <\/span><span class=\"_fadeIn_m1hgl_8\">En <\/span><span class=\"_fadeIn_m1hgl_8\">choisissant <\/span><span class=\"_fadeIn_m1hgl_8\">HETA <\/span><span class=\"_fadeIn_m1hgl_8\">HELP, <\/span><span class=\"_fadeIn_m1hgl_8\">vous <\/span><span class=\"_fadeIn_m1hgl_8\">maximisez <\/span><span class=\"_fadeIn_m1hgl_8\">vos <\/span><span class=\"_fadeIn_m1hgl_8\">chances <\/span><span class=\"_fadeIn_m1hgl_8\">de <\/span><span class=\"_fadeIn_m1hgl_8\">voyager <\/span><span class=\"_fadeIn_m1hgl_8\">l\u00e9galement, <\/span><span class=\"_fadeIn_m1hgl_8\">en <\/span><span class=\"_fadeIn_m1hgl_8\">toute <\/span><span class=\"_fadeIn_m1hgl_8\">confiance.<\/span><\/p>\t\t\t\t\t\t\t\t<\/div>\n\t\t\t\t<\/div>\n\t\t\t\t\t<\/div>\n\t\t<\/div>\n\t\t\t\t\t<\/div>\n\t\t<\/div>\n\t\t\t\t<\/div>\n\t\t","protected":false},"excerpt":{"rendered":"<p>Assistance VISA Obtenir un visa \u00e9tudiant peut \u00eatre une source d\u2019angoisse pour de nombreux candidats et parents. Chaque pays impose ses propres crit\u00e8res, souvent complexes. HETA HELP vous accompagne \u00e9tape par \u00e9tape, de la cr\u00e9ation du compte consulaire \u00e0 la prise de rendez-vous en passant par la pr\u00e9paration de l\u2019entretien (lorsqu\u2019il est exig\u00e9). Nous vous&#8230;<\/p>\n","protected":false},"author":1,"featured_media":0,"parent":0,"menu_order":0,"comment_status":"closed","ping_status":"closed","template":"","meta":{"_acf_changed":false,"footnotes":""},"class_list":["post-19075","page","type-page","status-publish","hentry"],"acf":[],"aioseo_notices":[],"_links":{"self":[{"href":"https:\/\/www.heta-help.com\/fr\/wp-json\/wp\/v2\/pages\/19075","targetHints":{"allow":["GET"]}}],"collection":[{"href":"https:\/\/www.heta-help.com\/fr\/wp-json\/wp\/v2\/pages"}],"about":[{"href":"https:\/\/www.heta-help.com\/fr\/wp-json\/wp\/v2\/types\/page"}],"author":[{"embeddable":true,"href":"https:\/\/www.heta-help.com\/fr\/wp-json\/wp\/v2\/users\/1"}],"replies":[{"embeddable":true,"href":"https:\/\/www.heta-help.com\/fr\/wp-json\/wp\/v2\/comments?post=19075"}],"version-history":[{"count":15,"href":"https:\/\/www.heta-help.com\/fr\/wp-json\/wp\/v2\/pages\/19075\/revisions"}],"predecessor-version":[{"id":19430,"href":"https:\/\/www.heta-help.com\/fr\/wp-json\/wp\/v2\/pages\/19075\/revisions\/19430"}],"wp:attachment":[{"href":"https:\/\/www.heta-help.com\/fr\/wp-json\/wp\/v2\/media?parent=19075"}],"curies":[{"name":"wp","href":"https:\/\/api.w.org\/{rel}","templated":true}]}}